{"id":88,"date":"2020-12-26T20:55:19","date_gmt":"2020-12-26T17:55:19","guid":{"rendered":"http:\/\/www.inceptiontravelagency.com\/?page_id=88"},"modified":"2020-12-26T20:55:19","modified_gmt":"2020-12-26T17:55:19","slug":"pasaport-2","status":"publish","type":"page","link":"https:\/\/www.inceptiontravelagency.com\/?page_id=88","title":{"rendered":"Pasaport"},"content":{"rendered":"\n<h2>PASAPORTLAR<\/h2>\n\n\n\n<p><strong>UMUMA MAHSUS PASAPORT<\/strong><br>Hizmet, hususi veya diplomatik pasaport ba\u015fvurusu i\u00e7in 5682 say\u0131l\u0131 Pasaport Kanunu\u2019nda belirtilen \u015fartlar\u0131 ta\u015f\u0131mayan ki\u015filer umuma mahsus pasaport ba\u015fvurusunda bulunabilirler.<\/p>\n\n\n\n<p><strong>HUSUS\u0130 PASAPORT<\/strong><br>Hususi pasaportlar; T\u00fcrkiye B\u00fcy\u00fck Millet Meclisi eski \u00fcyeleri, eski Bakanlar ile birinci, ikinci ve \u00fc\u00e7\u00fcnc\u00fc derece kadrolarda bulunan veya bu kadrolar kar\u015f\u0131l\u0131k g\u00f6sterilmek veya T.C. Emekli Sand\u0131\u011f\u0131 ile ilgilendirilip emekli kesenekleri bu derecelerden kesilmek suretiyle s\u00f6zle\u015fmeli olarak \u00e7al\u0131\u015ft\u0131r\u0131lan Devlet memurlar\u0131 ve di\u011fer kamu g\u00f6revlilerine; diplomatik pasaport verilmesini gerektiren vazifelerden ba\u015fka herhangi bir resmi vazife ile veya kendi hesaplar\u0131na yabanc\u0131 \u00fclkelere gittikleri zaman verilir. Bankac\u0131l\u0131k D\u00fczenleme ve Denetleme Kurulu ve Tasarruf Mevduat\u0131 Sigorta Fonu Kurulu \u00fcyeleri i\u00e7in, T.C. Emekli Sand\u0131\u011f\u0131 ile ilgilendirilme ve emekli keseneklerinin bu derecelerden kesilmesi \u015fart\u0131 aranmaz. Bunlardan emeklilik veya \u00e7ekilme sebepleri ile vazifelerinden ayr\u0131lm\u0131\u015f olanlara da bu t\u00fcr pasaport verilir. B\u00fcy\u00fck\u015fehir il ve il\u00e7e belediye ba\u015fkanlar\u0131na, g\u00f6revleri s\u00fcresince hususi pasaport verilir.<\/p>\n\n\n\n<p>Hususi pasaport alabilecek durumda bulunanlar\u0131n e\u015flerine de ayn\u0131 t\u00fcr pasaport verilir. Hususi pasaport almaya hakk\u0131 bulundu\u011fu s\u0131rada vefat edenlerin dul e\u015flerine ba\u015fkas\u0131 ile evlenmemi\u015f ise ayn\u0131 t\u00fcrden pasaport verilmesi m\u00fcmk\u00fcnd\u00fcr. Hususi damgal\u0131 pasaport alabilecek durumda bulunanlar\u0131n ergin olmayan veya ergin olsalar dahi yanlar\u0131nda ya\u015fay\u0131p evli bulunmayan ve i\u015f sahibi olmayan \u00f6\u011frenimi devam eden \u00e7ocuklar\u0131na 25 ya\u015f\u0131n\u0131n ikmaline kadar, yine ergin olsalar dahi yanlar\u0131nda ya\u015fay\u0131p evli bulunmayan ve i\u015f sahibi olmayan, ayn\u0131 zamanda bedensel, zihinsel veya ruhsal \u00f6z\u00fcrlerinden en az biri nedeniyle s\u00fcrekli bak\u0131ma muhta\u00e7 durumda oldu\u011fu resmi sa\u011fl\u0131k kurumlar\u0131n\u0131n d\u00fczenledi\u011fi sa\u011fl\u0131k kurulu raporu ile belgelenen \u00e7ocuklar\u0131na da hususi damgal\u0131 pasaport verilir.<\/p>\n\n\n\n<p><strong>D\u0130PLOMAT\u0130K PASAPORT<\/strong><br>Diplomatik pasaportlar, D\u0131\u015fi\u015fleri Bakanl\u0131\u011f\u0131 ile yabanc\u0131 memleketlerde T\u00fcrkiye Cumhuriyeti B\u00fcy\u00fckel\u00e7ilik ve Konsolosluklar\u0131 taraf\u0131ndan T\u00fcrkiye B\u00fcy\u00fck Millet Meclisi \u00dcyelerine, T\u00fcrkiye B\u00fcy\u00fck Millet Meclisi \u00fcyesi olmayan Bakanlara, Anayasa Mahkemesi, Yarg\u0131tay, Dan\u0131\u015ftay, Askeri Yarg\u0131tay, Askeri Y\u00fcksek \u0130dare Mahkemesi, Uyu\u015fmazl\u0131k Mahkemesi, Say\u0131\u015ftay, Genel Kurmay birinci ve ikinci ba\u015fkanlar\u0131na, Cumhuriyet Ba\u015fsavc\u0131s\u0131na, orgenerallere, oramirallere, eski cumhurba\u015fkanlar\u0131na, yasama meclisleri eski ba\u015fkanlar\u0131na, eski ba\u015fbakanlar ve d\u0131\u015fi\u015fleri eski bakanlar\u0131na, Cumhurba\u015fkanl\u0131\u011f\u0131 Genel Sekreterine, Ba\u015fbakanl\u0131k ve bakanl\u0131k m\u00fcste\u015farlar\u0131 ile Diyanet \u0130\u015fleri Ba\u015fkan\u0131na, B\u00fcy\u00fckel\u00e7ilik unvan\u0131 alm\u0131\u015f olanlar ile, D\u0131\u015fi\u015fleri Bakanl\u0131\u011f\u0131 meslek mensuplar\u0131na, Cumhurba\u015fkanl\u0131\u011f\u0131 Genel Sekreterli\u011fi \u00fcst d\u00fczey g\u00f6revlilerinden resmi bir g\u00f6revle g\u00f6nderilenlere, T\u00fcrkiye Cumhuriyeti d\u0131\u015f temsilcilikleri nezdinde memur edilen m\u00fc\u015favirlere, ata\u015felere ve muavinlerine, H\u00fck\u00fcmet ad\u0131na milletleraras\u0131 resmi m\u00fczakereler yap\u0131lmas\u0131, mukavelenameler akdi i\u00e7in veya milletleraras\u0131 toplant\u0131larla kongre ve konferanslara kat\u0131lmak \u00fczere g\u00f6nderilenlere ve yabanc\u0131 devletler veya millletleraras\u0131 te\u015fekk\u00fcller nezdinde daimi veya ge\u00e7ici g\u00f6rev yapmak \u00fczere g\u00f6nderilenlere, siyasi kuryelere verilir.<\/p>\n\n\n\n<p>Diplomatik pasaport alabilecek durumda bulunan veya alan kimselerin s\u0131fat veya vazifeleri devam etti\u011fi m\u00fcddet\u00e7e, e\u015flerine, ergin olmayan veya ergin olsalar dahi yanlar\u0131nda ya\u015fay\u0131p evli bulunmayan ve i\u015f sahibi olmayan \u00f6\u011frenimi devam eden \u00e7ocuklar\u0131na 25 ya\u015f\u0131n\u0131n ikmaline kadar, yine ergin olsalar dahi yanlar\u0131nda ya\u015fay\u0131p evli bulunmayan ve i\u015f sahibi olmayan, ayn\u0131 zamanda bedensel, zihinsel veya ruhsal \u00f6z\u00fcrlerinden en az biri nedeniyle s\u00fcrekli bak\u0131ma muhta\u00e7 durumda oldu\u011fu resmi sa\u011fl\u0131k kurumlar\u0131n\u0131n d\u00fczenledi\u011fi sa\u011fl\u0131k kurulu raporu ile belgelenen \u00e7ocuklar\u0131na da hak sahibi ki\u015finin pasaportu ile ayn\u0131 s\u00fcre ge\u00e7erli diplomatik pasaport verilir.<br>Diplomatik pasaportlar hi\u00e7bir har\u00e7 veya resme tabi de\u011fildir.<\/p>\n\n\n\n<p><strong>H\u0130ZMET PASAPORTU<\/strong><br>Hizmet Pasaportlar\u0131, H\u00fck\u00fcmet\u00e7e, \u00d6zel \u0130darelerce veya Belediyelerce resmi vazifeyle d\u0131\u015f memleketlere g\u00f6nderildiklerinde veya d\u0131\u015f memleketlerde vazifeye al\u0131nanlara, T\u00fcrkiye Cumhuriyetinin \u00fcyesi bulundu\u011fu uluslararas\u0131 kurulu\u015flarda memur stat\u00fcs\u00fcnde \u00e7al\u0131\u015fanlara, T\u00fcrk Hava Kurumu ve T\u00fcrkiye K\u0131z\u0131lay Cemiyetince g\u00f6revlendirilenlere verilir.<\/p>\n\n\n\n<p>Hizmet damgal\u0131 pasaport alabilecek durumda bulunanlar\u0131n e\u015flerine, ergin olmayan veya ergin olsalar dahi yanlar\u0131nda ya\u015fay\u0131p evli bulunmayan ve i\u015f sahibi olmayan \u00f6\u011frenimi devam eden \u00e7ocuklar\u0131na 25 ya\u015f\u0131n\u0131n ikmaline kadar, yine ergin olsalar dahi yanlar\u0131nda ya\u015fay\u0131p evli bulunmayan ve i\u015f sahibi olmayan, ayn\u0131 zamanda bedensel, zihinsel veya ruhsal \u00f6z\u00fcrlerinden en az biri nedeniyle s\u00fcrekli bak\u0131ma muhta\u00e7 durumda oldu\u011fu resmi sa\u011fl\u0131k kurumlar\u0131n\u0131n d\u00fczenledi\u011fi sa\u011fl\u0131k kurulu raporu ile belgelenen \u00e7ocuklar\u0131na da hak sahibi ki\u015finin pasaportu ile ayn\u0131 s\u00fcre ge\u00e7erli hizmet damgal\u0131 pasaport verilir.<\/p>\n","protected":false},"excerpt":{"rendered":"<p>PASAPORTLAR UMUMA MAHSUS PASAPORTHizmet, hususi veya diplomatik pasaport ba\u015fvurusu i\u00e7in 5682 say\u0131l\u0131 Pasaport Kanunu\u2019nda belirtilen \u015fartlar\u0131 ta\u015f\u0131mayan ki\u015filer umuma mahsus pasaport ba\u015fvurusunda bulunabilirler. HUSUS\u0130 PASAPORTHususi pasaportlar; T\u00fcrkiye B\u00fcy\u00fck Millet Meclisi eski \u00fcyeleri, eski Bakanlar ile birinci, ikinci ve \u00fc\u00e7\u00fcnc\u00fc derece kadrolarda bulunan veya bu kadrolar kar\u015f\u0131l\u0131k g\u00f6sterilmek veya T.C. Emekli Sand\u0131\u011f\u0131 ile ilgilendirilip emekli kesenekleri&hellip; <br \/> <a class=\"read-more\" href=\"https:\/\/www.inceptiontravelagency.com\/?page_id=88\">Devam\u0131<\/a><\/p>\n","protected":false},"author":1,"featured_media":0,"parent":0,"menu_order":0,"comment_status":"closed","ping_status":"closed","template":"","meta":[],"_links":{"self":[{"href":"https:\/\/www.inceptiontravelagency.com\/index.php?rest_route=\/wp\/v2\/pages\/88"}],"collection":[{"href":"https:\/\/www.inceptiontravelagency.com\/index.php?rest_route=\/wp\/v2\/pages"}],"about":[{"href":"https:\/\/www.inceptiontravelagency.com\/index.php?rest_route=\/wp\/v2\/types\/page"}],"author":[{"embeddable":true,"href":"https:\/\/www.inceptiontravelagency.com\/index.php?rest_route=\/wp\/v2\/users\/1"}],"replies":[{"embeddable":true,"href":"https:\/\/www.inceptiontravelagency.com\/index.php?rest_route=%2Fwp%2Fv2%2Fcomments&post=88"}],"version-history":[{"count":1,"href":"https:\/\/www.inceptiontravelagency.com\/index.php?rest_route=\/wp\/v2\/pages\/88\/revisions"}],"predecessor-version":[{"id":89,"href":"https:\/\/www.inceptiontravelagency.com\/index.php?rest_route=\/wp\/v2\/pages\/88\/revisions\/89"}],"wp:attachment":[{"href":"https:\/\/www.inceptiontravelagency.com\/index.php?rest_route=%2Fwp%2Fv2%2Fmedia&parent=88"}],"curies":[{"name":"wp","href":"https:\/\/api.w.org\/{rel}","templated":true}]}}