{"id":80,"date":"2020-12-26T20:52:02","date_gmt":"2020-12-26T17:52:02","guid":{"rendered":"http:\/\/www.inceptiontravelagency.com\/?page_id=80"},"modified":"2020-12-26T20:52:27","modified_gmt":"2020-12-26T17:52:27","slug":"hakkimizda","status":"publish","type":"page","link":"https:\/\/www.inceptiontravelagency.com\/?page_id=80","title":{"rendered":"Hakk\u0131m\u0131zda"},"content":{"rendered":"\n<p>10 y\u0131ll\u0131k deneyimi ile, T\u00fcrkiye\u2019de bulunan yabanc\u0131 \u00fclke temsilciliklerinin vize servislerine ba\u015fvuru hizmetini, profesyonel kadrosu ve sa\u011flad\u0131\u011f\u0131 dan\u0131\u015fmanl\u0131k hatt\u0131 ile kurumsal m\u00fc\u015fterilerine ve \u015fah\u0131slara sunan \u0130nception Travel Agency, T\u00fcrkiye Cumhuriyeti vatanda\u015flar\u0131na vize uygulayan t\u00fcm \u00fclkelere vize ba\u015fvurusu konusunda hizmet vermekte olup seyahat sigortan\u0131z\u0131 da yapabilmektedir.<\/p>\n\n\n\n<p>Yurtd\u0131\u015f\u0131na \u00e7\u0131kacak olan ki\u015filere; h\u0131zl\u0131, kolay ve sorunsuz bir \u015fekilde gidecekleri \u00fclkelere vize almalar\u0131 i\u00e7in dan\u0131\u015fmanl\u0131k ve vize i\u015flem hizmetleri sunan \u0130nception Travel Agency, yurtd\u0131\u015f\u0131na gidecek olan ki\u015filere; vize i\u015flemlerinde gerekli olabilecek her t\u00fcr bilgi, \u015fahs\u0131 ad\u0131na vize ba\u015fvuru, ba\u015fvuru takibi ve vize al\u0131m hizmetleri sunmakt\u0131r. \u0130nception Travel Agency; Almanya, Amerika, Bel\u00e7ika, \u00c7ek Cumhuriyeti, \u00c7in, Fransa, Hindistan, Hollanda, \u0130ngiltere, \u0130spanya, \u0130srail, \u0130svi\u00e7re, \u0130talya, Romanya, Macaristan, Moldovya, M\u0131s\u0131r, Rusya ve di\u011fer d\u00fcnya \u00fclkeleri i\u00e7in vize ba\u015fvurusu, takip ve vize al\u0131m hizmetleri sunmakta vize i\u015flemlerinde ba\u015fvuran ki\u015filere dan\u0131\u015fmanl\u0131k yapmaktad\u0131r.<\/p>\n","protected":false},"excerpt":{"rendered":"<p>10 y\u0131ll\u0131k deneyimi ile, T\u00fcrkiye\u2019de bulunan yabanc\u0131 \u00fclke temsilciliklerinin vize servislerine ba\u015fvuru hizmetini, profesyonel kadrosu ve sa\u011flad\u0131\u011f\u0131 dan\u0131\u015fmanl\u0131k hatt\u0131 ile kurumsal m\u00fc\u015fterilerine ve \u015fah\u0131slara sunan \u0130nception Travel Agency, T\u00fcrkiye Cumhuriyeti vatanda\u015flar\u0131na vize uygulayan t\u00fcm \u00fclkelere vize ba\u015fvurusu konusunda hizmet vermekte olup seyahat sigortan\u0131z\u0131 da yapabilmektedir. Yurtd\u0131\u015f\u0131na \u00e7\u0131kacak olan ki\u015filere; h\u0131zl\u0131, kolay ve sorunsuz bir \u015fekilde&hellip; <br \/> <a class=\"read-more\" href=\"https:\/\/www.inceptiontravelagency.com\/?page_id=80\">Devam\u0131<\/a><\/p>\n","protected":false},"author":1,"featured_media":0,"parent":0,"menu_order":0,"comment_status":"closed","ping_status":"closed","template":"","meta":[],"_links":{"self":[{"href":"https:\/\/www.inceptiontravelagency.com\/index.php?rest_route=\/wp\/v2\/pages\/80"}],"collection":[{"href":"https:\/\/www.inceptiontravelagency.com\/index.php?rest_route=\/wp\/v2\/pages"}],"about":[{"href":"https:\/\/www.inceptiontravelagency.com\/index.php?rest_route=\/wp\/v2\/types\/page"}],"author":[{"embeddable":true,"href":"https:\/\/www.inceptiontravelagency.com\/index.php?rest_route=\/wp\/v2\/users\/1"}],"replies":[{"embeddable":true,"href":"https:\/\/www.inceptiontravelagency.com\/index.php?rest_route=%2Fwp%2Fv2%2Fcomments&post=80"}],"version-history":[{"count":2,"href":"https:\/\/www.inceptiontravelagency.com\/index.php?rest_route=\/wp\/v2\/pages\/80\/revisions"}],"predecessor-version":[{"id":82,"href":"https:\/\/www.inceptiontravelagency.com\/index.php?rest_route=\/wp\/v2\/pages\/80\/revisions\/82"}],"wp:attachment":[{"href":"https:\/\/www.inceptiontravelagency.com\/index.php?rest_route=%2Fwp%2Fv2%2Fmedia&parent=80"}],"curies":[{"name":"wp","href":"https:\/\/api.w.org\/{rel}","templated":true}]}}