{"id":76,"date":"2020-12-25T14:36:12","date_gmt":"2020-12-25T11:36:12","guid":{"rendered":"http:\/\/www.inceptiontravelagency.com\/?page_id=76"},"modified":"2020-12-25T14:36:12","modified_gmt":"2020-12-25T11:36:12","slug":"konsolosluklar","status":"publish","type":"page","link":"https:\/\/www.inceptiontravelagency.com\/?page_id=76","title":{"rendered":"Konsolosluklar"},"content":{"rendered":"\n<h2>KONSOLOSLUKLAR<\/h2>\n\n\n\n<figure class=\"wp-block-table\"><table><tbody><tr><td>\u00dcLKE<\/td><td>B\u00dcY\u00dcKEL\u00c7\u0130L\u0130K<\/td><td>KONSOLOSLUK<\/td><\/tr><tr><td>Amerika Birle\u015fik Devletleri<\/td><td>Atat\u00fcrk Bulvar\u0131 no 110,Kavakl\u0131dere\/ ANKARA<\/td><td>Me\u015frutiyet Cad. No: 104 Tepeba\u015f\u0131 \u0130STANBUL<\/td><\/tr><tr><td>Tel: +90-(312) 4686110<\/td><td>Tel: +90-(212 ) 2513602\/3\/4<\/td><\/tr><tr><td><a href=\"http:\/\/www.usis-ankara.org.tr\/\">www.usis-ankara.org.tr<\/a><\/td><td>Fax: +90-(212 ) 2513218<\/td><\/tr><tr><td>Almanya<\/td><td>Atat\u00fcrk Bulvar\u0131No:124, Ankara<\/td><td>&nbsp;\u0130smet \u0130n\u00f6n\u00fc Cad. No: 16 G\u00fcm\u00fc\u015fsuyu\/ \u0130STANBUL<\/td><\/tr><tr><td>Tel: +90-(312) 4265465<\/td><td>Tel:+90-(212)2515404\/05<\/td><\/tr><tr><td><a href=\"http:\/\/www.germanembassyank.com\/\">www.germanembassyank.com<\/a><\/td><td>Fax:+90-(212 ) 2499920<\/td><\/tr><tr><td>Arnavutluk<\/td><td>Ebuziya Tevfik Sok. No:17 \u00c7ankaya\/ ANKARA<\/td><td>Valikona\u011f\u0131 Cad. Ekmek Fabrikas\u0131 sok. No: 4, Ni\u015fanta\u015f\u0131\/\u0130STANBUL<\/td><\/tr><tr><td>Tel: +90-(312) 4416105-9<\/td><td>Tel: +90(212)2962428<\/td><\/tr><tr><td>Fax:+90-(312) 4416104<\/td><td>Fax:+90-(212) 2962427<\/td><\/tr><tr><td>Avustralya<\/td><td>Nene Hatun Cad. No: 83 Gaziosmanpa\u015fa\/ ANKARA Tel: +90-(312)4461180<\/td><td>Tepecik Yolu No: 58 Etiler\/ \u0130STANBUL<\/td><\/tr><tr><td><a href=\"http:\/\/www.embaustralia.org\/\">www.embaustralia.org<\/a><\/td><td>Tel:+90-(212) 2577050\/52<\/td><\/tr><tr><td><a href=\"mailto:ausemank@ibm.net\">e-mail:&nbsp;ausemank@ibm.net<\/a><\/td><td>Fax:+90-(212) 2577054<\/td><\/tr><tr><td>Avusturya<\/td><td>Atat\u00fcrk Bulvar\u0131 No:189 Kavakl\u0131dere\/ANKARA Tel:+90-(312) 4342172<\/td><td>K\u00f6yba\u015f\u0131 Cad. No: 46 Yenikoy\/\u0130STANBUL<\/td><\/tr><tr><td>Faks:+90-(312) 4189454<\/td><td>Tel:+90-(212) 2629315<\/td><\/tr><tr><td><\/td><td>Fax:+90-(212) 2624984<\/td><\/tr><tr><td><\/td><td><a href=\"http:\/\/www.austria.org.tr\/\">www.austria.org.tr<\/a><\/td><\/tr><tr><td>Bel\u00e7ika<\/td><td>Mahatma Ghandi Cad. No: 55 Gaziosmanpa\u015fa\/ ANKARA<\/td><td>S\u0131raselviler Cad. No: 73 Taksim\/ \u0130STANBUL<\/td><\/tr><tr><td>Tel:+90-(312-4468247\/48<\/td><td>Tel:+90-(212) 2433300<\/td><\/tr><tr><td><\/td><td>Fax:+90-(212) 2435074<\/td><\/tr><tr><td><\/td><td>e-mail: ankara@diplobel.org<\/td><\/tr><tr><td>Bulgaristan<\/td><td>Atat\u00fcrk Bulvar\u0131 No: 124 ANKARA<\/td><td>Ulus Mahallesi, Adnan Saygun Cad. No: 44 2. Levent\/\u0130STANBUL<\/td><\/tr><tr><td>Tel:+90-(312)4267455<\/td><td>Tel:+90-(212) 2690478<\/td><\/tr><tr><td><\/td><td>Fax:+90-(212) 2641011<\/td><\/tr><tr><td>\u00c7in<\/td><td>G\u00f6lgeliSok.No: 34 Gaziosmanpa\u015fa\/ ANKARA<\/td><td>OrtaklarCad. no 14 Mecidiyek\u00f6y\/ \u0130STANBUL<\/td><\/tr><tr><td>Tel:+90-(312) 4360628<\/td><td>Tel:+90-(212)272-5200\/02 Fax:+90-(212) 2747733<\/td><\/tr><tr><td>Fax:+90-(312) 4464248<\/td><td><\/td><\/tr><tr><td>\u00c7ek Cumhuriyeti<\/td><td>Atat\u00fcrkBulvar\u0131 No: 124 ANKARA<\/td><td>Abdi \u0130pekci Cad. No:71 Ma\u00e7ka\/ \u0130STANBUL<\/td><\/tr><tr><td>Tel:+90-(312) 4265887<\/td><td>Tel:+90-(212)2341366 \u2013 2309597<\/td><\/tr><tr><td>Danimarka<\/td><td>K\u0131rlang\u0131\u00e7Sok. No:42 Gaziosmanpa\u015fa\/ ANKARA<\/td><td>BilezikSok. No:2 F\u0131nd\u0131kl\u0131\/ \u0130STANBUL<\/td><\/tr><tr><td>Tel:+90-(312) 4687760<\/td><td>Tel:+90-(212)2450385<\/td><\/tr><tr><td>Fax:+90-(312) 4684559<\/td><td>Fax:+90-(212) 2934624<\/td><\/tr><tr><td>www.ambassade-<\/td><td>www.danimarka.org.tr<\/td><\/tr><tr><td>info.dk\/dkturkeanke.htm<\/td><td><\/td><\/tr><tr><td>Endonezya<\/td><td>Abdullah Cevdet Sokak No. : 10 P.O.Box-42, Cankaya 06680 ANKARA<\/td><td><\/td><\/tr><tr><td>Tel: (90) (312) 438 21 90, 438 21 91,<\/td><\/tr><tr><td>438 21 92 (90)Fax: (312) 438 21 93<\/td><\/tr><tr><td>www.indo-tr.org<\/td><\/tr><tr><td>Estonya<\/td><td><\/td><td>Ko\u015fehittlerCad. No: 39 Zincirlikuyu\/ \u0130STANBUL Tel:+90-(212) 2113480<\/td><\/tr><tr><td>Fax:+90-(212) 2113467<\/td><\/tr><tr><td>Filipinler<\/td><td>MahatmaGandhi Cad. 56<\/td><td><a href=\"http:\/\/www.tripod.co.uk\/Filipinler\">www.tripod.co.uk\/Filipinler&nbsp;<\/a><\/td><\/tr><tr><td>Gaziosmanpa\u015fa\/ ANKARA 06700<\/td><td>e-mail: E-mail<\/td><\/tr><tr><td>Tel:+90-(312) 4465831<\/td><td><\/td><\/tr><tr><td>Fax:+90-(312) 4465733<\/td><td><\/td><\/tr><tr><td>Finlandiya<\/td><td>P.K:22 Kavakl\u0131dere\/ ANKARA<\/td><td>\u00c7aml\u0131k Cad. Ayaz Sok. No: 2\/4 Levent\/ \u0130STANBUL<\/td><\/tr><tr><td>Tel:+90-(312) 4265921<\/td><td>Tel: +90-(212) 2835737\/8 Fax:+90-(212) 2835739<\/td><\/tr><tr><td>Fax:+90-(312) 4682507<\/td><td><\/td><\/tr><tr><td>Fransa<\/td><td>ParisCad. No:70 Kavakl\u0131dere\/ ANKARA<\/td><td>\u0130stikl\u00e4lCad. No: 8 Taksim\/\u0130STANBUL<\/td><\/tr><tr><td>Tel:+90-(312) 4681154\/58<\/td><td>Tel:+90-(212) 2924810\/11<\/td><\/tr><tr><td>Fax:+90-(312) 4679434<\/td><td>Fax:+90-(212) 2499168<\/td><\/tr><tr><td>www.france.org.tr<\/td><td>www.consulatfrance.org.tr<\/td><\/tr><tr><td>G\u00fcrcistan<\/td><td>Ulubey Sok. No:28 ANKARA<\/td><td><\/td><\/tr><tr><td>Tel:+90-(312) 4471720<\/td><\/tr><tr><td>\u0130ngiltere<\/td><td>\u015eehitersanCad. No:46 Cankaya\/ ANKARA<\/td><td>Me\u015frutiyetCad. No: 34 Tepeba\u015f\u0131 Beyo\u011flu\/ \u0130STANBUL<\/td><\/tr><tr><td>Tel:+90-(312) 4686230\u202642<\/td><td>Tel:+90-(212) 2937540<\/td><\/tr><tr><td>Fax:+90-(312) 4680113<\/td><td>Fax:+90-(212) 2454989<\/td><\/tr><tr><td>www.britishembassy.org.tr<\/td><td><\/td><\/tr><tr><td>\u0130ran<\/td><td>TahranCad. No:10 Kavakl\u0131dere\/ ANKARA<\/td><td>AnkaraCad. No:1 Ca\u011falo\u011flu\/ \u0130STANBUL<\/td><\/tr><tr><td>Tel:+90-(312) 4274320\u202623<\/td><td>Tel:+90-(212) 5138230\/32 Fax:+90-(212) 5115219<\/td><\/tr><tr><td>\u0130srail<\/td><td>MahatmaGhandi Cad. No:85 Gaziosmanpa\u015fa\/ ANKARA<\/td><td>Valikona\u011f\u0131Cad. No: 73\/4 Ni\u015fanta\u015f\u0131\/ \u0130STANBUL Tel:+90-(212) 2251040\/41\/4<\/td><\/tr><tr><td><a href=\"http:\/\/www.israel.org.tr\/\">www.israel.org.tr&nbsp;<\/a><\/td><td>Fax:+90-(212 )2251048<\/td><\/tr><tr><td><a href=\"mailto:ankara@israel.org.tr\">e-mail:&nbsp;ankara@israel.org.tr<\/a><\/td><td>P.K:473 \u015ei\u015fli 80224<\/td><\/tr><tr><td>Hindistan<\/td><td>CinnahCaddesi No:77\/A \u00c7ankaya, 06680 ANKARA Tel :+90-(312) 4382195<\/td><td><\/td><\/tr><tr><td>Fax :+90-(312) 4403429<\/td><\/tr><tr><td><a href=\"http:\/\/www.indembassy.org.tr\/\">www.indembassy.org.tr&nbsp;<\/a><\/td><\/tr><tr><td><a href=\"mailto:indiaweb@indembassy.org.tr\">e-mail:&nbsp;indiaweb@indembassy.org.tr<\/a><\/td><\/tr><tr><td>Hollanda<\/td><td>U\u011furmumcuCad. No:16 Gaziosmanpa\u015fa\/ ANKARA<\/td><td>\u0130stiklalCad. No:393 Beyo\u011flu\/ \u0130STANBUL<\/td><\/tr><tr><td>Tel:+90-(312) 4460470\/74<\/td><td>Tel:+90-(212) 2515030<\/td><\/tr><tr><td><a href=\"http:\/\/www.dutchembassy.org.tr\/\">www.dutchembassy.org.tr<\/a><\/td><td>Fax:+90-(212) 2519289<\/td><\/tr><tr><td><\/td><td><a href=\"mailto:nlgovank@domi.net.tr\">e-mail:&nbsp;nlgovank@domi.net.tr<\/a><\/td><\/tr><tr><td>\u0130talya<\/td><td>Atat\u00fcrkBulvar\u0131 No:118 ANKARA<\/td><td>TomtomKaptan Sok. No:15 Beyo\u011flu\/ \u0130STANBUL<\/td><\/tr><tr><td>Tel:+90-(312) 426546063<\/td><td>Tel:+90-(212) 2431024\/25-2525436<\/td><\/tr><tr><td>Fax:+90-(312) 426-5800<\/td><td>Fax:+90-(212) 2525879<\/td><\/tr><tr><td><\/td><td>Visa Section: 2443259<\/td><\/tr><tr><td><\/td><td><a href=\"http:\/\/www.iic.org.tr\/\">www.iic.org.tr<\/a><\/td><\/tr><tr><td>\u0130spanya<\/td><td>AbdullahCeydet Sok. No:8 \u00c7ankaya\/ ANKARA<\/td><td>Karanfil Aral\u0131\u011f\u0131 sokak. No:16 1.Levent\/ \u0130STANBUL<\/td><\/tr><tr><td>Tel:+90-(312) 4380392\u202694<\/td><td>Tel:+90-(212) 2707410-14<\/td><\/tr><tr><td>Fax:+90-(312) 4395170<\/td><td><\/td><\/tr><tr><td>\u0130sve\u00e7<\/td><td>Katip\u00e7elebiSok. No:7 ANKARA<\/td><td>\u0130stikl\u00e4lCad. No:497 T\u00fcnel\/ \u0130STANBUL<\/td><\/tr><tr><td>Tel:+90-(312) 4286735\/6<\/td><td>Tel:+90-(212) 2435770\/1<\/td><\/tr><tr><td><a href=\"http:\/\/www.swedenembassy.org.tr\/\">www.swedenembassy.org.tr<\/a><\/td><td>Fax:+90-(212) 2524114<\/td><\/tr><tr><td>\u0130svi\u00e7re<\/td><td>Atat\u00fcrkBulvar\u0131 No:247 ANKARA<\/td><td>H\u00fcsrevGerede Cad. No:75\/3 Te\u015fvikiye\/ \u0130STANBUL<\/td><\/tr><tr><td>Tel:+90-(312) 467555<\/td><td>Tel:+90-(212)2591115\/6\/7<\/td><\/tr><tr><td><\/td><td>Fax:+90-(212)2591118<\/td><\/tr><tr><td>Japonya<\/td><td>Re\u015fatgalipa\u015faCad. No:81 Gaziosmanpa\u015fa\/ ANKARA<\/td><td>\u0130n\u00f6n\u00fcCad. No: 24 G\u00fcm\u00fcsuyu\/ \u0130STANBUL<\/td><\/tr><tr><td><a href=\"http:\/\/www.mofa.go.jp\/embjapan\/turkey\">Tel:+90-(312) 4460500&nbsp;www.mofa.go.jp\/<\/a><\/td><td>Tel:+90-(212)2517605\/06<\/td><\/tr><tr><td><a href=\"http:\/\/www.mofa.go.jp\/embjapan\/turkey\">embjapan\/turkey<\/a><\/td><td>Fax:+90-(212)2525864<\/td><\/tr><tr><td>Kanada<\/td><td>NeneHatun Cad. No:75 Gaziosman pa\u015fa\/ ANKARA Tel:+90-(312) 4361275<\/td><td>\u0130stiklalCad. No: 373\/5 Beyo\u011flu\/ \u0130STANBUL<\/td><\/tr><tr><td>Fax:+90-(312) 4464437<\/td><td>Tel:+90-(212)2519838<\/td><\/tr><tr><td><\/td><td>Fax:+90-(212)2519888<\/td><\/tr><tr><td><\/td><td><a href=\"http:\/\/www.dfait-maeci.gc.ca\/ankara\/\">www.dfait-maeci.gc.ca\/ankara\/<\/a><\/td><\/tr><tr><td>Litvanya<\/td><td>Mahatma Gandi Cad. No: 17\/8-9<\/td><td><\/td><\/tr><tr><td>06700 G.O.P. ANKARA<\/td><\/tr><tr><td>Tel: 447 07 66<\/td><\/tr><tr><td>Fax: 447 06 63<\/td><\/tr><tr><td><a href=\"mailto:lrambasd@ada.net.tr\">e-mail:&nbsp;lrambasd@ada.net.tr<\/a><\/td><\/tr><tr><td>L\u00fcbnan<\/td><td>K\u0131zkulesiSok. No:44 Gaziosmanpa\u015fa\/ ANKARA<\/td><td>Te\u015fvikiyeCad. Saray ap. No: 134\/1 Te\u015fvikiye\/ \u0130STANBUL<\/td><\/tr><tr><td>Tel:+90-(312) 4467487<\/td><td>Tel:+90-(212)2361365<\/td><\/tr><tr><td><\/td><td>Fax:+90-(212)2273373<\/td><\/tr><tr><td>Macaristan<\/td><td>Gazi Mustafa Kemal Pa\u015fa Bulvar\u0131 No:10 ANKARA<\/td><td>Poyrac\u0131k Sok. No:35 Te\u015fvikiye\/ \u0130STANBUL<\/td><\/tr><tr><td>Tel: +90-(312)4189238<\/td><td>Tel:+90-(212)225.5501..19<\/td><\/tr><tr><td><\/td><td>Fax:+90-(212)2482783<\/td><\/tr><tr><td>M\u0131s\u0131r<\/td><td>Atat\u00fcrkBulvar\u0131 No:126 ANKARA<\/td><td>CevdetPa\u015fa Cad. No:173 Bebek\/ \u0130STANBUL<\/td><\/tr><tr><td>Tel:+90-(312) 4261026<\/td><td>Tel:+90-(212)2636038-2652440<\/td><\/tr><tr><td><\/td><td>Fax:+90-(212)2654428<\/td><\/tr><tr><td>Monako<\/td><td>CevdetPa\u015fa Cad. No:164\/17 Yal\u0131 ap. Bebek\/ \u0130STANBUL<\/td><td><\/td><\/tr><tr><td>Tel:+90-(312) 2633989<\/td><\/tr><tr><td>Fax:+90-(312) 2630254<\/td><\/tr><tr><td>Moldovya<\/td><td>KaptanSok. No:49 Gaziosmanpa\u015fa\/ ANKARA<\/td><td><\/td><\/tr><tr><td>Tel:+90-(312) 4465627\/5527<\/td><\/tr><tr><td>Fax:+90-(312) 4465816<\/td><\/tr><tr><td>Norve\u00e7<\/td><td>KelebekSok. No:18 Gaziosmanpa\u015fa\/ ANKARA Tel:+90-(312) 4360051\/4363196<\/td><td>BilezikSok. 2 F\u0131nd\u0131kl\u0131\/ \u0130STANBUL<\/td><\/tr><tr><td>Tel:+90-(212)2499753-2520600..07<\/td><\/tr><tr><td>Fax:+90-(212)249-4434<\/td><\/tr><tr><td>Polonya<\/td><td>Atat\u00fcrk Bulvar\u0131 No:241 ANKARA<\/td><td>B\u00fcy\u00fck \u00c7iftlik Sok. No: 5\/7 Ni\u015fanta\u015f\u0131\/ \u0130STANBUL<\/td><\/tr><tr><td>Tel:+90-(312) 4675619\/4673365<\/td><td>Tel:+90-(212)2910300\/2910301<\/td><\/tr><tr><td>Fax:+90-(312) 4678963<\/td><td>Fax:+90-(212)2330618<\/td><\/tr><tr><td><a href=\"mailto:polamb@superonline.com\">e-mail:&nbsp;polamb@superonline.com<\/a><\/td><td><a href=\"mailto:polconsul@superonline.com\">e-mail:&nbsp;polconsul@superonline.com<\/a><\/td><\/tr><tr><td>Portekiz<\/td><td>Kuleli Sok. No:26 Kavakl\u0131dere\/ANKARA<\/td><td>Ok\u00e7u Musa Cad. Nor Han No:52\/2 Bankalar, Karak\u00f6y\/ \u0130STANBUL<\/td><\/tr><tr><td>Tel:+90-(312) 4461890<\/td><td>Tel:+90-(212)2501130<\/td><\/tr><tr><td><\/td><td>Fax:+90-(212)2555064<\/td><\/tr><tr><td>Romanya<\/td><td>B\u00fckre\u015fSok. No:4 \u00c7ankaya\/ ANKARA<\/td><td>S\u0131raselvilerCad. No:55 Taksim\/ \u0130STANBUL<\/td><\/tr><tr><td>Tel:+90-(312) 4271241-4271243<\/td><td>Tel:+90-(212)2444284-2443555<\/td><\/tr><tr><td><\/td><td>Fax:+90-(212)2938261<\/td><\/tr><tr><td>Rusya<\/td><td>Kayac\u0131Sok. No:5 \u00c7ankaya\/ ANKARA<\/td><td>\u0130stiklalCad. No:443 Beyo\u011flu\/ \u0130STANBUL<\/td><\/tr><tr><td>Tel:+90-(312) 4392122<\/td><td>Tel:+90-(212)2441693\/2610<\/td><\/tr><tr><td><a href=\"mailto:mbetm@turkishline.ru\">mbetm@turkishline.ru<\/a><\/td><td>Fax:+90-(212)2490507<\/td><\/tr><tr><td><a href=\"mailto:ruskons@superonline.com\">e-mail:&nbsp;ruskons@superonline.com<\/a><\/td><td><a href=\"mailto:visavi@turk.net\">e-mail:&nbsp;visavi@turk.net<\/a><\/td><\/tr><tr><td>S\u0131rbistan<\/td><td>ParisCad. No:47 Kavakl\u0131dere\/ANKARA<\/td><td>Valikona\u011f\u0131Cad. No: 96\/A Ni\u015fanta\u015f\u0131\/ \u0130STANBUL<\/td><\/tr><tr><td>Tel:+90-(312) 4260236\/0354<\/td><td>Tel:+90-(212)2481004<\/td><\/tr><tr><td><\/td><td>Fax:+90-(212)2483534<\/td><\/tr><tr><td>Slovenya<\/td><td>KupeSokak 1\/3 06700 GOP\/ANKARA<\/td><td>Hac\u0131Resitpasa Sokak No:781180 \u00c7aml\u0131ca \u0130STANBUL Tel:+90-(216)3189191<\/td><\/tr><tr><td>Tel:+90-(312) 4056007-08<\/td><td>Fax:+90-(216)3129013<\/td><\/tr><tr><td>Fax:+90-(312) 4466887<\/td><td><\/td><\/tr><tr><td>Suriye<\/td><td>Abdullahcevdet Sok. No:7 \u00c7ankaya\/ ANKARA<\/td><td>Ma\u00e7ka Cad. No:59\/3 Te\u015fvikiye\/ \u0130STANBUL<\/td><\/tr><tr><td>Tel:+90-(312) 4409657<\/td><td>Tel:+90-(212)2326721<\/td><\/tr><tr><td><\/td><td>Fax:+90-(212)2302215<\/td><\/tr><tr><td>Tunus<\/td><td><\/td><td>Bloklar\u0131C Blok D:4 81030 Feneryolu \u0130STANBUL<\/td><\/tr><tr><td>Tel:+90-(216)3029978<\/td><\/tr><tr><td>Fax:+90-(216)3029974<\/td><\/tr><tr><td>Tayland<\/td><td>RoyalThai Embassy<\/td><td><\/td><\/tr><tr><td>Tel:+90-(312) 4673409-4673059<\/td><\/tr><tr><td>\u00c7ankaya Cad. Kader Sok. 45\/3-4<\/td><\/tr><tr><td>Fax:+90-(312) 4277248<\/td><\/tr><tr><td>06700 Gaziosmanpa\u015fa\/ANKARA<\/td><\/tr><tr><td>E-mail Web Site<\/td><\/tr><tr><td>Ukrayna<\/td><td>Alaba\u015fSok. No:3\/2 \u00c7ankaya<\/td><td>MithatPa\u015fa Han No: 92-94 \u0130n\u00f6n\u00fc \u0130smet Cad. G\u00fcm\u00fc\u015fsuyu 80090 \u0130STANBUL<\/td><\/tr><tr><td>Tel:+90-(312) 4399973<\/td><td>Tel:+90-(212)2525402<\/td><\/tr><tr><td><\/td><td>Fax:+90-(212)2525403<\/td><\/tr><tr><td>\u00dcrd\u00fcn<\/td><td>MesneviDede Korkut Sok. no 18 \u00c7ankaya\/ ANKARA<\/td><td>Kal\u0131p\u00e7\u0131sok. No: 119 Kat:2 Daire: 6 Te\u015fvikiye\/ \u0130STANBUL<\/td><\/tr><tr><td>Tel:+90-(312) 4402054<\/td><td>Tel:+90-(212)2301222<\/td><\/tr><tr><td>Vietnam Sosyalist Cumhuriyeti<\/td><td><\/td><td>3\/1,Itri Sok. Balmumcu Be\u015fikta\u015f\/ \u0130STANBUL<\/td><\/tr><tr><td>Tel :+90-(212)2746908<\/td><\/tr><tr><td>Faks :+90-(212)2746909<\/td><\/tr><tr><td>Yeni Zelanda<\/td><td><\/td><td>Tel:+90-(212)2111114<\/td><\/tr><tr><td>Fax:+90-(212)2110473<\/td><\/tr><tr><td>Yunanistan<\/td><td>Ziyan lrahman 9-11<\/td><td>Turnac\u0131ba\u015f\u0131 Sok. No:32 Galatasaray\/ \u0130STANBUL<\/td><\/tr><tr><td>Tel:+90-(312)4368860<\/td><td>Tel:+90-(212)2450597\/98<\/td><\/tr><tr><td><\/td><td><\/td><td><\/td><\/tr><\/tbody><\/table><\/figure>\n\n\n\n<p><\/p>\n","protected":false},"excerpt":{"rendered":"<p>KONSOLOSLUKLAR \u00dcLKE B\u00dcY\u00dcKEL\u00c7\u0130L\u0130K KONSOLOSLUK Amerika Birle\u015fik Devletleri Atat\u00fcrk Bulvar\u0131 no 110,Kavakl\u0131dere\/ ANKARA Me\u015frutiyet Cad. No: 104 Tepeba\u015f\u0131 \u0130STANBUL Tel: +90-(312) 4686110 Tel: +90-(212 ) 2513602\/3\/4 www.usis-ankara.org.tr Fax: +90-(212 ) 2513218 Almanya Atat\u00fcrk Bulvar\u0131No:124, Ankara &nbsp;\u0130smet \u0130n\u00f6n\u00fc Cad. No: 16 G\u00fcm\u00fc\u015fsuyu\/ \u0130STANBUL Tel: +90-(312) 4265465 Tel:+90-(212)2515404\/05 www.germanembassyank.com Fax:+90-(212 ) 2499920 Arnavutluk Ebuziya Tevfik Sok. No:17 \u00c7ankaya\/&hellip; <br \/> <a class=\"read-more\" href=\"https:\/\/www.inceptiontravelagency.com\/?page_id=76\">Devam\u0131<\/a><\/p>\n","protected":false},"author":1,"featured_media":0,"parent":0,"menu_order":0,"comment_status":"closed","ping_status":"closed","template":"","meta":[],"_links":{"self":[{"href":"https:\/\/www.inceptiontravelagency.com\/index.php?rest_route=\/wp\/v2\/pages\/76"}],"collection":[{"href":"https:\/\/www.inceptiontravelagency.com\/index.php?rest_route=\/wp\/v2\/pages"}],"about":[{"href":"https:\/\/www.inceptiontravelagency.com\/index.php?rest_route=\/wp\/v2\/types\/page"}],"author":[{"embeddable":true,"href":"https:\/\/www.inceptiontravelagency.com\/index.php?rest_route=\/wp\/v2\/users\/1"}],"replies":[{"embeddable":true,"href":"https:\/\/www.inceptiontravelagency.com\/index.php?rest_route=%2Fwp%2Fv2%2Fcomments&post=76"}],"version-history":[{"count":1,"href":"https:\/\/www.inceptiontravelagency.com\/index.php?rest_route=\/wp\/v2\/pages\/76\/revisions"}],"predecessor-version":[{"id":77,"href":"https:\/\/www.inceptiontravelagency.com\/index.php?rest_route=\/wp\/v2\/pages\/76\/revisions\/77"}],"wp:attachment":[{"href":"https:\/\/www.inceptiontravelagency.com\/index.php?rest_route=%2Fwp%2Fv2%2Fmedia&parent=76"}],"curies":[{"name":"wp","href":"https:\/\/api.w.org\/{rel}","templated":true}]}}