{"id":18,"date":"2020-12-18T14:33:58","date_gmt":"2020-12-18T11:33:58","guid":{"rendered":"http:\/\/www.inceptiontravelagency.com\/?page_id=18"},"modified":"2020-12-26T20:56:51","modified_gmt":"2020-12-26T17:56:51","slug":"mesmerize","status":"publish","type":"page","link":"https:\/\/www.inceptiontravelagency.com\/","title":{"rendered":"Front Page"},"content":{"rendered":"<div  id=\"features-10\" style=\"background-color: #ffffff;\" data-label=\"Features\" data-id=\"features-16-card-bordered\" data-export-id=\"features-16-card-bordered\" data-category=\"features\" class=\"features-16-card-bordered content-section content-section-spacing\"><div  class=\"gridContainer\"> <div  class=\"row text-center\"><div  class=\"section-title-col\" data-type=\"column\"> <h2  class=\"\">*Ne Yap\u0131yoruz?<\/h2> <p  class=\"lead\">Vize a\u015famalar\u0131n\u0131 alan\u0131nda uzmanla\u015fm\u0131\u015f m\u00fc\u015fteri temsilcimizle en k\u0131sa s\u00fcrede sahip olsun.<\/p><\/div> <\/div> <div  class=\"row spaced-cols\" data-type=\"row\"> <div  class=\"col-xs-12 col-sm-6 col-md-4\"> <div  class=\"card no-padding bordered y-move\"> <img decoding=\"async\"  class=\"face\" src=\"http:\/\/www.inceptiontravelagency.com\/wp-content\/uploads\/2020\/12\/cropped-10.-Vize-Danismanligi.jpg\" title=\"cropped-10.-Vize-Danismanligi.jpg\" alt=\"\"> <div  data-type=\"column\" class=\"col-padding-small col-padding-small-xs description-container\"> <h4  class=\"font-500\">Vize Rejimi<\/h4> <p  class=\"\">Hangi \u00fclkelerde vize uygulamas\u0131 var, hangilerinde yok. Hangisi ka\u00e7 g\u00fcn vize veriyor i\u015fte bu sayfada.<\/p><\/div> <div  data-type=\"column\" class=\"col-padding-small col-padding-small-xs read-more-container\"><a class=\"read-more\" href=\"\/?page_id=78\" target=\"_self\" data-cp-link=\"1\" rel=\"noopener\">Detayl\u0131 Bilgi \u00d6\u011fren<\/a><\/div> <\/div><\/div> <div  class=\"col-xs-12 col-sm-6 col-md-4\"><div  class=\"card no-padding bordered y-move\"> <img decoding=\"async\"  class=\"face\" src=\"http:\/\/www.inceptiontravelagency.com\/wp-content\/uploads\/2020\/12\/cropped-pasaport.jpg\" title=\"cropped-pasaport.jpg\" alt=\"\"> <div  data-type=\"column\" class=\"col-padding-small col-padding-small-xs description-container\"> <h4  class=\"font-500\">Pasaportlar<\/h4> <p  class=\"\">Pasaport \u00e7e\u015fitleri ve hangi pasaportlar nas\u0131l al\u0131n\u0131r.\u0130\u015fte detayl\u0131 t\u00fcm bilgiler<\/p><\/div> <div  data-type=\"column\" class=\"col-padding-small col-padding-small-xs read-more-container\"><a class=\"read-more\" href=\"\/?page_id=88\" target=\"_self\" data-cp-link=\"1\" rel=\"noopener\">Detayl\u0131 Bilgi \u00d6\u011fren<\/a><\/div> <\/div><\/div> <div  class=\"col-xs-12 col-sm-6 col-md-4\"><div  class=\"card no-padding bordered y-move\"> <img decoding=\"async\"  class=\"face\" src=\"http:\/\/www.inceptiontravelagency.com\/wp-content\/uploads\/2020\/12\/cropped-download.jpg\" title=\"cropped-download.jpg\" alt=\"\"> <div  data-type=\"column\" class=\"col-padding-small col-padding-small-xs description-container\"> <h4  class=\"font-500\">Konsolosluklar<\/h4> <p  class=\"\">\u00dclkemizdeki t\u00fcm konsolosluklara ait t\u00fcm bilgiler burada..<\/p><\/div> <div  data-type=\"column\" class=\"col-padding-small col-padding-small-xs read-more-container\"><a class=\"link\" href=\"\/?page_id=76\" target=\"_self\" data-cp-link=\"1\" rel=\"noopener\">Detayl\u0131 Bilgi \u00d6\u011fren<\/a><\/div> <\/div><\/div> <\/div><\/div> <\/div><div  id=\"content-13\" style=\"background-color: #f5fafd;\" data-label=\"Content\" data-id=\"content-2\" data-export-id=\"content-2\" data-category=\"content\" class=\"content-2 content-section content-section-spacing\"><div > <div  class=\"row middle-xs\"><div  class=\"col-sm-5 bg-image shadow-large-black\" data-bg=\"image\" style=\"background-image: url(&quot;http:\/\/www.inceptiontravelagency.com\/wp-content\/uploads\/2020\/12\/cropped-inception-travel-agency-1.png&quot;);\"><\/div> <div  class=\"col-sm-7 full-col-left-padding full-col-right-padding\"> <div  class=\"row\"> <div  data-type=\"column\" class=\"space-bottom-small content-title-col\"> <h5  class=\"\">Biz Kimiz?<\/h5> <h2  class=\"\">Hakk\u0131m\u0131zda<\/h2> <p  class=\"\"><\/p><p  class=\"\">10 y\u0131ll\u0131k deneyimi ile, T\u00fcrkiye\u2019de bulunan yabanc\u0131 \u00fclke temsilciliklerinin vize servislerine ba\u015fvuru hizmetini, profesyonel kadrosu ve sa\u011flad\u0131\u011f\u0131 dan\u0131\u015fmanl\u0131k hatt\u0131 ile kurumsal m\u00fc\u015fterilerine ve \u015fah\u0131slara sunan \u0130nception Travel Agency, T\u00fcrkiye Cumhuriyeti vatanda\u015flar\u0131na vize uygulayan t\u00fcm \u00fclkelere vize ba\u015fvurusu konusunda hizmet vermekte olup seyahat sigortan\u0131z\u0131 da yapabilmektedir.<\/p><p  class=\"\">Yurtd\u0131\u015f\u0131na \u00e7\u0131kacak olan ki\u015filere; h\u0131zl\u0131, kolay ve sorunsuz bir \u015fekilde gidecekleri \u00fclkelere vize almalar\u0131 i\u00e7in dan\u0131\u015fmanl\u0131k ve vize i\u015flem hizmetleri sunan \u0130nception Travel Agency, yurtd\u0131\u015f\u0131na gidecek olan ki\u015filere; vize i\u015flemlerinde gerekli olabilecek her t\u00fcr bilgi, \u015fahs\u0131 ad\u0131na vize ba\u015fvuru, ba\u015fvuru takibi ve vize al\u0131m hizmetleri sunmakt\u0131r. \u0130nception Travel Agency; Almanya, Amerika, Bel\u00e7ika, \u00c7ek Cumhuriyeti, \u00c7in, Fransa, Hindistan, Hollanda, \u0130ngiltere, \u0130spanya, \u0130srail, \u0130svi\u00e7re, \u0130talya, Romanya, Macaristan, Moldovya, M\u0131s\u0131r, Rusya ve di\u011fer d\u00fcnya \u00fclkeleri i\u00e7in vize ba\u015fvurusu, takip ve vize al\u0131m hizmetleri sunmakta vize i\u015flemlerinde ba\u015fvuran ki\u015filere dan\u0131\u015fmanl\u0131k yapmaktad\u0131r.<\/p><br  class=\"\"><!-- \/wp:paragraph --><\/div> <\/div> <div  class=\"row spaced-cols \" data-type=\"row\">    <div  class=\"col-xs-6\" data-type=\"column\"> <\/div> <\/div><\/div> <\/div><\/div> <\/div><div  id=\"portfolio-3\" style=\"background-color: #f5fafd;\" data-label=\"Portfolio\" data-id=\"portfolio-4\" data-export-id=\"portfolio-4\" data-category=\"portfolio\" class=\"portfolio-4 content-section content-section-spacing-top\"><div  class=\"\"> <div  class=\"row text-center\"><div  class=\"section-title-col\" data-type=\"column\"> <h2  class=\"\">Hangi \u00dclke\u2019de nerelere gidilir?<\/h2> <p  class=\"lead\">Size \u00f6zel haz\u0131rlad\u0131\u011f\u0131m\u0131z \u00fclkelerde nerelere gidilir ile ilgili k\u0131sa bilgi ve tiyolar<\/p><\/div> <\/div> <div  data-type=\"row\" class=\"row\" data-fixed=\"true\"> <div  class=\"col-xs-12 col-sm-3 no-gutter-col\"> <div  class=\"contentswap-effect\" data-hover-fx=\"portfolio-4\"> <div  class=\"initial-image\"> <img decoding=\"async\"  data-size=\"542x360\" src=\"http:\/\/www.inceptiontravelagency.com\/wp-content\/uploads\/2020\/12\/cropped-yurtdc4b1c59fc4b1-fotoc49fraf-turlarc4b1.jpg\"><\/div> <div  class=\"overlay bg-color1\"><\/div> <div  class=\"swap-inner col-xs-12\"> <div  class=\"row full-height-row middle-xs middle-sm\"> <div  class=\"col-xs-12 text-center content-holder\"> <a href=\"#\" target=\"_self\" rel=\"noopener\"><i  class=\"fa icon portfolio-icon fa-search big\" aria-hidden=\"true\"><\/i><\/a><\/div> <\/div><\/div> <\/div><\/div> <div  class=\"col-xs-12 col-sm-3 no-gutter-col\"><div  class=\"contentswap-effect\" data-hover-fx=\"portfolio-4\"> <div  class=\"initial-image\"> <img decoding=\"async\"  data-size=\"542x360\" src=\"http:\/\/www.inceptiontravelagency.com\/wp-content\/uploads\/2020\/12\/cropped-Stonehenge-fotograf-albumu-Stonehenge-prehistoric-monument-photos.jpg\"><\/div> <div  class=\"overlay bg-color1\"><\/div> <div  class=\"swap-inner col-xs-12\"> <div  class=\"row full-height-row middle-xs middle-sm\"> <div  class=\"col-xs-12 text-center content-holder\"> <a href=\"#\" target=\"_self\" rel=\"noopener\"><i  class=\"fa icon portfolio-icon fa-search big\" aria-hidden=\"true\"><\/i><\/a><\/div> <\/div><\/div> <\/div><\/div> <div  class=\"col-xs-12 col-sm-3 no-gutter-col\"><div  class=\"contentswap-effect\" data-hover-fx=\"portfolio-4\"> <div  class=\"initial-image\"> <img decoding=\"async\"  data-size=\"542x360\" src=\"http:\/\/www.inceptiontravelagency.com\/wp-content\/uploads\/2020\/12\/cropped-Paris-Yurt-Disi-Fotograf-Turlari-1-300x300-1.jpg\"><\/div> <div  class=\"overlay bg-color1\"><\/div> <div  class=\"swap-inner col-xs-12\"> <div  class=\"row full-height-row middle-xs middle-sm\"> <div  class=\"col-xs-12 text-center content-holder\"> <a href=\"#\" target=\"_self\" rel=\"noopener\"><i  class=\"fa icon portfolio-icon fa-search big\" aria-hidden=\"true\"><\/i><\/a><\/div> <\/div><\/div> <\/div><\/div> <div  class=\"col-xs-12 col-sm-3 no-gutter-col\"><div  class=\"contentswap-effect\" data-hover-fx=\"portfolio-4\"> <div  class=\"initial-image\"> <img decoding=\"async\"  data-size=\"542x360\" src=\"http:\/\/www.inceptiontravelagency.com\/wp-content\/uploads\/2020\/12\/cropped-manchester1.jpg\"><\/div> <div  class=\"overlay bg-color1\"><\/div> <div  class=\"swap-inner col-xs-12\"> <div  class=\"row full-height-row middle-xs middle-sm\"> <div  class=\"col-xs-12 text-center content-holder\"> <a href=\"#\" target=\"_self\" rel=\"noopener\"><i  class=\"fa icon portfolio-icon fa-search big\" aria-hidden=\"true\"><\/i><\/a><\/div> <\/div><\/div> <\/div><\/div> <div  class=\"col-xs-12 col-sm-3 no-gutter-col\"><div  class=\"contentswap-effect\" data-hover-fx=\"portfolio-4\"> <div  class=\"initial-image\"> <img decoding=\"async\"  data-size=\"542x360\" src=\"http:\/\/www.inceptiontravelagency.com\/wp-content\/uploads\/2020\/12\/cropped-londra1.jpg\"><\/div> <div  class=\"overlay bg-color1\"><\/div> <div  class=\"swap-inner col-xs-12\"> <div  class=\"row full-height-row middle-xs middle-sm\"> <div  class=\"col-xs-12 text-center content-holder\"> <a href=\"#\" target=\"_self\" rel=\"noopener\"><i  class=\"fa icon portfolio-icon fa-search big\" aria-hidden=\"true\"><\/i><\/a><\/div> <\/div><\/div> <\/div><\/div> <div  class=\"col-xs-12 col-sm-3 no-gutter-col\"><div  class=\"contentswap-effect\" data-hover-fx=\"portfolio-4\"> <div  class=\"initial-image\"> <img decoding=\"async\"  data-size=\"542x360\" src=\"http:\/\/www.inceptiontravelagency.com\/wp-content\/uploads\/2020\/12\/cropped-Kolezyum-fotograflari-arena-alti-Colosseum-underground-photos-under-the-arena.jpg\"><\/div> <div  class=\"overlay bg-color1\"><\/div> <div  class=\"swap-inner col-xs-12\"> <div  class=\"row full-height-row middle-xs middle-sm\"> <div  class=\"col-xs-12 text-center content-holder\"> <a href=\"#\" target=\"_self\" rel=\"noopener\"><i  class=\"fa icon portfolio-icon fa-search big\" aria-hidden=\"true\"><\/i><\/a><\/div> <\/div><\/div> <\/div><\/div> <div  class=\"col-xs-12 col-sm-3 no-gutter-col\"><div  class=\"contentswap-effect\" data-hover-fx=\"portfolio-4\"> <div  class=\"initial-image\"> <img decoding=\"async\"  data-size=\"542x360\" src=\"http:\/\/www.inceptiontravelagency.com\/wp-content\/uploads\/2020\/12\/cropped-indir.jpg\"><\/div> <div  class=\"overlay bg-color1\"><\/div> <div  class=\"swap-inner col-xs-12\"> <div  class=\"row full-height-row middle-xs middle-sm\"> <div  class=\"col-xs-12 text-center content-holder\"> <a href=\"#\" target=\"_self\" rel=\"noopener\"><i  class=\"fa icon portfolio-icon fa-search big\" aria-hidden=\"true\"><\/i><\/a><\/div> <\/div><\/div> <\/div><\/div> <div  class=\"col-xs-12 col-sm-3 no-gutter-col\"><div  class=\"contentswap-effect\" data-hover-fx=\"portfolio-4\"> <div  class=\"initial-image\"> <img decoding=\"async\"  data-size=\"542x360\" src=\"http:\/\/www.inceptiontravelagency.com\/wp-content\/uploads\/2020\/12\/cropped-egitimnoktasi-yurtdisiegitim-bulgaristan_dilokulu_ulkeler_1.jpg\"><\/div> <div  class=\"overlay bg-color1\"><\/div> <div  class=\"swap-inner col-xs-12\"> <div  class=\"row full-height-row middle-xs middle-sm\"> <div  class=\"col-xs-12 text-center content-holder\"> <a href=\"#\" target=\"_self\" rel=\"noopener\"><i  class=\"fa icon portfolio-icon fa-search big\" aria-hidden=\"true\"><\/i><\/a><\/div> <\/div><\/div> <\/div><\/div> <\/div><\/div> <\/div><div  id=\"cta-1\" data-label=\"Cta\" data-id=\"cta-blue-section\" data-export-id=\"cta-blue-section\" data-category=\"cta\" class=\"cta-blue-section content-section content-section-spacing-medium bg-color1 white-text\"><div  class=\"gridContainer\"> <div  class=\"row middle-xs\"><div  class=\"col-sm-8 space-bottom-xs\" data-type=\"column\"> <h2  class=\"\">Bizimle vize almak \u00e7ok kolay..!<\/h2> <\/div> <div  class=\"col-sm-4 end-sm\" data-type=\"column\"> <a class=\"button color2\" href=\"http:\/\/www.inceptiontravelagency.com\/iletisim\" target=\"_self\" data-cp-link=\"1\" rel=\"noopener\">\u0130leti\u015fim<\/a><\/div> <\/div><\/div> <\/div><div  id=\"contact-1\" data-label=\"Contact\" data-id=\"contact-1\" data-export-id=\"contact-1\" data-category=\"contact\" class=\"contact-1 content-section content-section-spacing white-text\" data-parallax-depth=\"20\"><div  class=\"gridContainer\"> <div  class=\"row text-center\"><div  class=\"section-title-col\" data-type=\"column\"> <h2  class=\"\">\u0130leti\u015fim<\/h2> <p  class=\"lead\">Ergenekon Mah. Pro. Dr. Celal \u00d6ker Sok. \u00c7im Apt. No:9 K:2 D: 4<br >Harbiye \u2013 \u0130stanbul<\/p><\/div> <\/div> <div  class=\"row text-center\"> <div  class=\"col-xs-12 col-sm-8 col-sm-offset-2 contact-form-wrapper inline-info\"> <div  class=\"card large-padding\"> <div  class=\"\" data-content-shortcode=\"mesmerize_contact_form shortcode=&quot;wpforms id=&amp;amp;quot;42&amp;amp;quot;&quot;\" data-editable=\"true\"><div class=\"wpforms-container wpforms-container-full\" id=\"wpforms-42\"><form id=\"wpforms-form-42\" class=\"wpforms-validate wpforms-form\" data-formid=\"42\" method=\"post\" enctype=\"multipart\/form-data\" action=\"\/index.php?rest_route=%2Fwp%2Fv2%2Fpages%2F18\" data-token=\"bc5c1d54035b4fd56bfeee29e4c4de26\"><noscript class=\"wpforms-error-noscript\">Please enable JavaScript in your browser to complete this form.<\/noscript><div class=\"wpforms-field-container\"><div id=\"wpforms-42-field_0-container\" class=\"wpforms-field wpforms-field-name\" data-field-id=\"0\"><label class=\"wpforms-field-label\" for=\"wpforms-42-field_0\">\u0130sim <span class=\"wpforms-required-label\">*<\/span><\/label><div class=\"wpforms-field-row wpforms-field-medium\"><div class=\"wpforms-field-row-block wpforms-first wpforms-one-half\"><input type=\"text\" id=\"wpforms-42-field_0\" class=\"wpforms-field-name-first wpforms-field-required\" name=\"wpforms[fields][0][first]\" required><label for=\"wpforms-42-field_0\" class=\"wpforms-field-sublabel after \">First<\/label><\/div><div class=\"wpforms-field-row-block wpforms-one-half\"><input type=\"text\" id=\"wpforms-42-field_0-last\" class=\"wpforms-field-name-last wpforms-field-required\" name=\"wpforms[fields][0][last]\" required><label for=\"wpforms-42-field_0-last\" class=\"wpforms-field-sublabel after \">Last<\/label><\/div><\/div><\/div><div id=\"wpforms-42-field_1-container\" class=\"wpforms-field wpforms-field-email\" data-field-id=\"1\"><label class=\"wpforms-field-label\" for=\"wpforms-42-field_1\">Email <span class=\"wpforms-required-label\">*<\/span><\/label><input type=\"email\" id=\"wpforms-42-field_1\" class=\"wpforms-field-medium wpforms-field-required\" name=\"wpforms[fields][1]\" required><\/div><div id=\"wpforms-42-field_2-container\" class=\"wpforms-field wpforms-field-textarea\" data-field-id=\"2\"><label class=\"wpforms-field-label\" for=\"wpforms-42-field_2\">Mesaj\u0131n\u0131z <span class=\"wpforms-required-label\">*<\/span><\/label><textarea id=\"wpforms-42-field_2\" class=\"wpforms-field-medium wpforms-field-required\" name=\"wpforms[fields][2]\" required><\/textarea><\/div><\/div><div class=\"wpforms-submit-container\"><input type=\"hidden\" name=\"wpforms[id]\" value=\"42\"><input type=\"hidden\" name=\"wpforms[author]\" value=\"1\"><button type=\"submit\" name=\"wpforms[submit]\" id=\"wpforms-submit-42\" class=\"wpforms-submit\" data-alt-text=\"G\u00f6nderiliyor...\" data-submit-text=\"G\u00f6nder\" aria-live=\"assertive\" value=\"wpforms-submit\">G\u00f6nder<\/button><\/div><\/form><\/div>  <!-- .wpforms-container --><\/div><\/div> <\/div><\/div> <\/div><\/div>","protected":false},"excerpt":{"rendered":"<p>*Ne Yap\u0131yoruz? Vize a\u015famalar\u0131n\u0131 alan\u0131nda uzmanla\u015fm\u0131\u015f m\u00fc\u015fteri temsilcimizle en k\u0131sa s\u00fcrede sahip olsun. Vize Rejimi Hangi \u00fclkelerde vize uygulamas\u0131 var, hangilerinde yok. Hangisi ka\u00e7 g\u00fcn vize veriyor i\u015fte bu sayfada. Detayl\u0131 Bilgi \u00d6\u011fren Pasaportlar Pasaport \u00e7e\u015fitleri ve hangi pasaportlar nas\u0131l al\u0131n\u0131r.\u0130\u015fte detayl\u0131 t\u00fcm bilgiler Detayl\u0131 Bilgi \u00d6\u011fren Konsolosluklar \u00dclkemizdeki t\u00fcm konsolosluklara ait t\u00fcm bilgiler burada..&hellip; <br \/> <a class=\"read-more\" href=\"https:\/\/www.inceptiontravelagency.com\/\">Devam\u0131<\/a><\/p>\n","protected":false},"author":1,"featured_media":0,"parent":0,"menu_order":0,"comment_status":"closed","ping_status":"closed","template":"page-templates\/homepage.php","meta":[],"_links":{"self":[{"href":"https:\/\/www.inceptiontravelagency.com\/index.php?rest_route=\/wp\/v2\/pages\/18"}],"collection":[{"href":"https:\/\/www.inceptiontravelagency.com\/index.php?rest_route=\/wp\/v2\/pages"}],"about":[{"href":"https:\/\/www.inceptiontravelagency.com\/index.php?rest_route=\/wp\/v2\/types\/page"}],"author":[{"embeddable":true,"href":"https:\/\/www.inceptiontravelagency.com\/index.php?rest_route=\/wp\/v2\/users\/1"}],"replies":[{"embeddable":true,"href":"https:\/\/www.inceptiontravelagency.com\/index.php?rest_route=%2Fwp%2Fv2%2Fcomments&post=18"}],"version-history":[{"count":9,"href":"https:\/\/www.inceptiontravelagency.com\/index.php?rest_route=\/wp\/v2\/pages\/18\/revisions"}],"predecessor-version":[{"id":92,"href":"https:\/\/www.inceptiontravelagency.com\/index.php?rest_route=\/wp\/v2\/pages\/18\/revisions\/92"}],"wp:attachment":[{"href":"https:\/\/www.inceptiontravelagency.com\/index.php?rest_route=%2Fwp%2Fv2%2Fmedia&parent=18"}],"curies":[{"name":"wp","href":"https:\/\/api.w.org\/{rel}","templated":true}]}}